{"id":191,"date":"2023-07-31T05:01:46","date_gmt":"2023-07-31T08:01:46","guid":{"rendered":"https:\/\/marciarodriguespsicologa.com.br\/blog\/?page_id=191"},"modified":"2023-07-31T05:33:46","modified_gmt":"2023-07-31T08:33:46","slug":"palestras-e-workshops","status":"publish","type":"page","link":"https:\/\/marciarodriguespsicologa.com.br\/blog\/palestras-e-workshops\/","title":{"rendered":"Palestras e Workshops"},"content":{"rendered":"\t\t<div data-elementor-type=\"wp-page\" data-elementor-id=\"191\" class=\"elementor elementor-191\" data-elementor-post-type=\"page\">\n\t\t\t\t\t\t\t\t\t<section class=\"elementor-section elementor-top-section elementor-element elementor-element-c27d668 elementor-section-boxed elementor-section-height-default elementor-section-height-default\" data-id=\"c27d668\" data-element_type=\"section\" data-settings=\"{&quot;background_background&quot;:&quot;classic&quot;}\">\n\t\t\t\t\t\t\t<div class=\"elementor-background-overlay\"><\/div>\n\t\t\t\t\t\t\t<div class=\"elementor-container elementor-column-gap-default\">\n\t\t\t\t\t<div class=\"elementor-column elementor-col-100 elementor-top-column elementor-element elementor-element-ccf3ec1\" data-id=\"ccf3ec1\" data-element_type=\"column\">\n\t\t\t<div class=\"elementor-widget-wrap elementor-element-populated\">\n\t\t\t\t\t\t\t\t\t<\/div>\n\t\t<\/div>\n\t\t\t\t\t\t\t<\/div>\n\t\t<\/section>\n\t\t\t\t<section class=\"elementor-section elementor-top-section elementor-element elementor-element-8d8f288 elementor-section-boxed elementor-section-height-default elementor-section-height-default\" data-id=\"8d8f288\" data-element_type=\"section\">\n\t\t\t\t\t\t<div class=\"elementor-container elementor-column-gap-default\">\n\t\t\t\t\t<div class=\"elementor-column elementor-col-100 elementor-top-column elementor-element elementor-element-515df0c\" data-id=\"515df0c\" data-element_type=\"column\">\n\t\t\t<div class=\"elementor-widget-wrap elementor-element-populated\">\n\t\t\t\t\t\t\t\t<div class=\"elementor-element elementor-element-d955060 elementor-widget elementor-widget-jet-listing-grid\" data-id=\"d955060\" data-element_type=\"widget\" data-settings=\"{&quot;columns&quot;:3}\" data-widget_type=\"jet-listing-grid.default\">\n\t\t\t\t<div class=\"elementor-widget-container\">\n\t\t\t<div class=\"jet-listing-grid jet-listing\"><div class=\"jet-listing-grid__items grid-col-desk-3 grid-col-tablet-3 grid-col-mobile-3 jet-listing-grid--198 jet-equal-columns__wrapper\"  data-nav=\"{&quot;enabled&quot;:false,&quot;type&quot;:null,&quot;more_el&quot;:null,&quot;query&quot;:[],&quot;widget_settings&quot;:{&quot;lisitng_id&quot;:198,&quot;posts_num&quot;:10,&quot;columns&quot;:3,&quot;columns_tablet&quot;:3,&quot;columns_mobile&quot;:3,&quot;is_archive_template&quot;:&quot;&quot;,&quot;post_status&quot;:[&quot;publish&quot;],&quot;use_random_posts_num&quot;:&quot;&quot;,&quot;max_posts_num&quot;:9,&quot;not_found_message&quot;:&quot;No data was found&quot;,&quot;is_masonry&quot;:false,&quot;equal_columns_height&quot;:&quot;yes&quot;,&quot;use_load_more&quot;:&quot;&quot;,&quot;load_more_id&quot;:&quot;&quot;,&quot;load_more_type&quot;:&quot;click&quot;,&quot;load_more_offset&quot;:{&quot;unit&quot;:&quot;px&quot;,&quot;size&quot;:0,&quot;sizes&quot;:[]},&quot;use_custom_post_types&quot;:&quot;&quot;,&quot;custom_post_types&quot;:[],&quot;hide_widget_if&quot;:&quot;&quot;,&quot;carousel_enabled&quot;:&quot;&quot;,&quot;slides_to_scroll&quot;:&quot;1&quot;,&quot;arrows&quot;:&quot;true&quot;,&quot;arrow_icon&quot;:&quot;fa fa-angle-left&quot;,&quot;dots&quot;:&quot;&quot;,&quot;autoplay&quot;:&quot;true&quot;,&quot;autoplay_speed&quot;:5000,&quot;infinite&quot;:&quot;true&quot;,&quot;center_mode&quot;:&quot;&quot;,&quot;effect&quot;:&quot;slide&quot;,&quot;speed&quot;:500,&quot;inject_alternative_items&quot;:&quot;&quot;,&quot;injection_items&quot;:[],&quot;scroll_slider_enabled&quot;:&quot;&quot;,&quot;scroll_slider_on&quot;:[&quot;desktop&quot;,&quot;tablet&quot;,&quot;mobile&quot;],&quot;custom_query&quot;:false,&quot;custom_query_id&quot;:&quot;&quot;,&quot;_element_id&quot;:&quot;&quot;}}\" data-page=\"1\" data-pages=\"1\" data-listing-source=\"posts\" data-listing-id=\"198\" data-query-id=\"\"><style>.elementor-198 .elementor-element.elementor-element-184bc55{border-style:none;transition:background 0.3s, border 0.3s, border-radius 0.3s, box-shadow 0.3s;margin-top:0px;margin-bottom:0px;padding:0px 0px 0px 0px;}.elementor-198 .elementor-element.elementor-element-184bc55:hover, .elementor-198 .elementor-element.elementor-element-184bc55:hover > .elementor-background-overlay{border-radius:12px 12px 12px 12px;}.elementor-198 .elementor-element.elementor-element-184bc55:hover{box-shadow:0px 0px 10px 0px rgba(0,0,0,0.5);}.elementor-198 .elementor-element.elementor-element-184bc55 > .elementor-background-overlay{transition:background 0.3s, border-radius 0.3s, opacity 0.3s;}.elementor-198 .elementor-element.elementor-element-e5d83cc > .elementor-widget-container{margin:0px 0px 0px 0px;}.elementor-198 .elementor-element.elementor-element-5323549{text-align:center;}.elementor-198 .elementor-element.elementor-element-5323549 .elementor-heading-title{color:#311C31;font-family:\"Open Sans\", Sans-serif;font-size:18px;font-weight:700;text-transform:uppercase;line-height:24px;}.elementor-198 .elementor-element.elementor-element-5323549 > .elementor-widget-container{margin:-30px 0px 20px 0px;}.elementor-198 .elementor-element.elementor-element-8e189e0 .jet-listing-dynamic-link__link{align-self:center;font-family:\"Poppins\", Sans-serif;font-size:16px;font-weight:700;text-transform:uppercase;color:#311C31;padding:7px 25px 7px 25px;margin:2px 2px 2px 2px;border-style:solid;border-width:2px 2px 2px 2px;border-color:#311C31;border-radius:25px 25px 25px 25px;flex-direction:row;}.elementor-198 .elementor-element.elementor-element-8e189e0 .jet-listing-dynamic-link__icon{color:#311C31;order:1;font-size:16px;}.elementor-198 .elementor-element.elementor-element-8e189e0 .jet-listing-dynamic-link__icon :is(svg, path){fill:#311C31;}.elementor-198 .elementor-element.elementor-element-8e189e0 .jet-listing-dynamic-link__link:hover{background-color:#311C31;color:#FFFFFF;}.elementor-198 .elementor-element.elementor-element-8e189e0 .jet-listing-dynamic-link__link:hover .jet-listing-dynamic-link__icon{color:#FFFFFF;}.elementor-198 .elementor-element.elementor-element-8e189e0 .jet-listing-dynamic-link__link:hover .jet-listing-dynamic-link__icon :is(svg, path){fill:#FFFFFF;}body:not(.rtl) .elementor-198 .elementor-element.elementor-element-8e189e0 .jet-listing-dynamic-link__icon{margin-right:14px;}body.rtl .elementor-198 .elementor-element.elementor-element-8e189e0 .jet-listing-dynamic-link__icon{margin-left:14px;}<\/style><div class=\"jet-listing-grid__item jet-listing-dynamic-post-188 jet-equal-columns\" data-post-id=\"188\" >\t\t<div data-elementor-type=\"jet-listing-items\" data-elementor-id=\"198\" class=\"elementor elementor-198\" data-elementor-post-type=\"jet-engine\">\n\t\t\t\t\t\t\t\t\t<section class=\"elementor-section elementor-top-section elementor-element elementor-element-184bc55 elementor-section-boxed elementor-section-height-default elementor-section-height-default\" data-id=\"184bc55\" data-element_type=\"section\">\n\t\t\t\t\t\t<div class=\"elementor-container elementor-column-gap-default\">\n\t\t\t\t\t<div class=\"elementor-column elementor-col-100 elementor-top-column elementor-element elementor-element-6691286\" data-id=\"6691286\" data-element_type=\"column\">\n\t\t\t<div class=\"elementor-widget-wrap elementor-element-populated\">\n\t\t\t\t\t\t\t\t<div class=\"elementor-element elementor-element-e5d83cc elementor-widget elementor-widget-image\" data-id=\"e5d83cc\" data-element_type=\"widget\" data-widget_type=\"image.default\">\n\t\t\t\t<div class=\"elementor-widget-container\">\n\t\t\t<style>\/*! elementor - v3.14.0 - 26-06-2023 *\/\n.elementor-widget-image{text-align:center}.elementor-widget-image a{display:inline-block}.elementor-widget-image a img[src$=\".svg\"]{width:48px}.elementor-widget-image img{vertical-align:middle;display:inline-block}<\/style>\t\t\t\t\t\t\t\t\t\t\t\t<img loading=\"lazy\" decoding=\"async\" width=\"480\" height=\"300\" src=\"https:\/\/marciarodriguespsicologa.com.br\/blog\/wp-content\/uploads\/2023\/07\/bg_TEMP.jpg\" class=\"attachment-medium_large size-medium_large wp-image-199\" alt=\"\" srcset=\"https:\/\/marciarodriguespsicologa.com.br\/blog\/wp-content\/uploads\/2023\/07\/bg_TEMP.jpg 480w, https:\/\/marciarodriguespsicologa.com.br\/blog\/wp-content\/uploads\/2023\/07\/bg_TEMP-300x188.jpg 300w\" sizes=\"auto, (max-width: 480px) 100vw, 480px\" \/>\t\t\t\t\t\t\t\t\t\t\t\t\t\t\t<\/div>\n\t\t\t\t<\/div>\n\t\t\t\t<div class=\"elementor-element elementor-element-5323549 elementor-widget elementor-widget-heading\" data-id=\"5323549\" data-element_type=\"widget\" data-widget_type=\"heading.default\">\n\t\t\t\t<div class=\"elementor-widget-container\">\n\t\t\t<style>\/*! elementor - v3.14.0 - 26-06-2023 *\/\n.elementor-heading-title{padding:0;margin:0;line-height:1}.elementor-widget-heading .elementor-heading-title[class*=elementor-size-]>a{color:inherit;font-size:inherit;line-height:inherit}.elementor-widget-heading .elementor-heading-title.elementor-size-small{font-size:15px}.elementor-widget-heading .elementor-heading-title.elementor-size-medium{font-size:19px}.elementor-widget-heading .elementor-heading-title.elementor-size-large{font-size:29px}.elementor-widget-heading .elementor-heading-title.elementor-size-xl{font-size:39px}.elementor-widget-heading .elementor-heading-title.elementor-size-xxl{font-size:59px}<\/style><h2 class=\"elementor-heading-title elementor-size-default\">Navegando pelas Ondas da Parentalidade: Superando as Principais Dificuldades.<\/h2>\t\t<\/div>\n\t\t\t\t<\/div>\n\t\t\t\t<div class=\"elementor-element elementor-element-8e189e0 elementor-widget elementor-widget-jet-listing-dynamic-link\" data-id=\"8e189e0\" data-element_type=\"widget\" data-widget_type=\"jet-listing-dynamic-link.default\">\n\t\t\t\t<div class=\"elementor-widget-container\">\n\t\t\t<div class=\"jet-listing jet-listing-dynamic-link\"><a href=\"https:\/\/marciarodriguespsicologa.com.br\/blog\/navegando-pelas-ondas-da-parentalidade-superando-as-principais-dificuldades\/\" class=\"jet-listing-dynamic-link__link\"><i class=\"jet-listing-dynamic-link__icon fas fa-plus-circle\" aria-hidden=\"true\"><\/i><span class=\"jet-listing-dynamic-link__label\">Saiba mais<\/span><\/a><\/div>\t\t<\/div>\n\t\t\t\t<\/div>\n\t\t\t\t\t<\/div>\n\t\t<\/div>\n\t\t\t\t\t\t\t<\/div>\n\t\t<\/section>\n\t\t\t\t\t\t\t<\/div>\n\t\t<\/div><div class=\"jet-listing-grid__item jet-listing-dynamic-post-187 jet-equal-columns\" data-post-id=\"187\" >\t\t<div data-elementor-type=\"jet-listing-items\" data-elementor-id=\"198\" class=\"elementor elementor-198\" data-elementor-post-type=\"jet-engine\">\n\t\t\t\t\t\t\t\t\t<section class=\"elementor-section elementor-top-section elementor-element elementor-element-184bc55 elementor-section-boxed elementor-section-height-default elementor-section-height-default\" data-id=\"184bc55\" data-element_type=\"section\">\n\t\t\t\t\t\t<div class=\"elementor-container elementor-column-gap-default\">\n\t\t\t\t\t<div class=\"elementor-column elementor-col-100 elementor-top-column elementor-element elementor-element-6691286\" data-id=\"6691286\" data-element_type=\"column\">\n\t\t\t<div class=\"elementor-widget-wrap elementor-element-populated\">\n\t\t\t\t\t\t\t\t<div class=\"elementor-element elementor-element-e5d83cc elementor-widget elementor-widget-image\" data-id=\"e5d83cc\" data-element_type=\"widget\" data-widget_type=\"image.default\">\n\t\t\t\t<div class=\"elementor-widget-container\">\n\t\t\t\t\t\t\t\t\t\t\t\t\t\t\t<img loading=\"lazy\" decoding=\"async\" width=\"480\" height=\"300\" src=\"https:\/\/marciarodriguespsicologa.com.br\/blog\/wp-content\/uploads\/2023\/07\/bg_TEMP.jpg\" class=\"attachment-medium_large size-medium_large wp-image-199\" alt=\"\" srcset=\"https:\/\/marciarodriguespsicologa.com.br\/blog\/wp-content\/uploads\/2023\/07\/bg_TEMP.jpg 480w, https:\/\/marciarodriguespsicologa.com.br\/blog\/wp-content\/uploads\/2023\/07\/bg_TEMP-300x188.jpg 300w\" sizes=\"auto, (max-width: 480px) 100vw, 480px\" \/>\t\t\t\t\t\t\t\t\t\t\t\t\t\t\t<\/div>\n\t\t\t\t<\/div>\n\t\t\t\t<div class=\"elementor-element elementor-element-5323549 elementor-widget elementor-widget-heading\" data-id=\"5323549\" data-element_type=\"widget\" data-widget_type=\"heading.default\">\n\t\t\t\t<div class=\"elementor-widget-container\">\n\t\t\t<h2 class=\"elementor-heading-title elementor-size-default\">Construindo uma Base S\u00f3lida: Fortalecendo as Habilidades Parentais.<\/h2>\t\t<\/div>\n\t\t\t\t<\/div>\n\t\t\t\t<div class=\"elementor-element elementor-element-8e189e0 elementor-widget elementor-widget-jet-listing-dynamic-link\" data-id=\"8e189e0\" data-element_type=\"widget\" data-widget_type=\"jet-listing-dynamic-link.default\">\n\t\t\t\t<div class=\"elementor-widget-container\">\n\t\t\t<div class=\"jet-listing jet-listing-dynamic-link\"><a href=\"https:\/\/marciarodriguespsicologa.com.br\/blog\/construindo-uma-base-solida-fortalecendo-as-habilidades-parentais\/\" class=\"jet-listing-dynamic-link__link\"><i class=\"jet-listing-dynamic-link__icon fas fa-plus-circle\" aria-hidden=\"true\"><\/i><span class=\"jet-listing-dynamic-link__label\">Saiba mais<\/span><\/a><\/div>\t\t<\/div>\n\t\t\t\t<\/div>\n\t\t\t\t\t<\/div>\n\t\t<\/div>\n\t\t\t\t\t\t\t<\/div>\n\t\t<\/section>\n\t\t\t\t\t\t\t<\/div>\n\t\t<\/div><div class=\"jet-listing-grid__item jet-listing-dynamic-post-186 jet-equal-columns\" data-post-id=\"186\" >\t\t<div data-elementor-type=\"jet-listing-items\" data-elementor-id=\"198\" class=\"elementor elementor-198\" data-elementor-post-type=\"jet-engine\">\n\t\t\t\t\t\t\t\t\t<section class=\"elementor-section elementor-top-section elementor-element elementor-element-184bc55 elementor-section-boxed elementor-section-height-default elementor-section-height-default\" data-id=\"184bc55\" data-element_type=\"section\">\n\t\t\t\t\t\t<div class=\"elementor-container elementor-column-gap-default\">\n\t\t\t\t\t<div class=\"elementor-column elementor-col-100 elementor-top-column elementor-element elementor-element-6691286\" data-id=\"6691286\" data-element_type=\"column\">\n\t\t\t<div class=\"elementor-widget-wrap elementor-element-populated\">\n\t\t\t\t\t\t\t\t<div class=\"elementor-element elementor-element-e5d83cc elementor-widget elementor-widget-image\" data-id=\"e5d83cc\" data-element_type=\"widget\" data-widget_type=\"image.default\">\n\t\t\t\t<div class=\"elementor-widget-container\">\n\t\t\t\t\t\t\t\t\t\t\t\t\t\t\t<img loading=\"lazy\" decoding=\"async\" width=\"480\" height=\"300\" src=\"https:\/\/marciarodriguespsicologa.com.br\/blog\/wp-content\/uploads\/2023\/07\/bg_TEMP.jpg\" class=\"attachment-medium_large size-medium_large wp-image-199\" alt=\"\" srcset=\"https:\/\/marciarodriguespsicologa.com.br\/blog\/wp-content\/uploads\/2023\/07\/bg_TEMP.jpg 480w, https:\/\/marciarodriguespsicologa.com.br\/blog\/wp-content\/uploads\/2023\/07\/bg_TEMP-300x188.jpg 300w\" sizes=\"auto, (max-width: 480px) 100vw, 480px\" \/>\t\t\t\t\t\t\t\t\t\t\t\t\t\t\t<\/div>\n\t\t\t\t<\/div>\n\t\t\t\t<div class=\"elementor-element elementor-element-5323549 elementor-widget elementor-widget-heading\" data-id=\"5323549\" data-element_type=\"widget\" data-widget_type=\"heading.default\">\n\t\t\t\t<div class=\"elementor-widget-container\">\n\t\t\t<h2 class=\"elementor-heading-title elementor-size-default\">Descobrindo-se: A Jornada do Autoconhecimento e Autocuidado na Parentalidade.<\/h2>\t\t<\/div>\n\t\t\t\t<\/div>\n\t\t\t\t<div class=\"elementor-element elementor-element-8e189e0 elementor-widget elementor-widget-jet-listing-dynamic-link\" data-id=\"8e189e0\" data-element_type=\"widget\" data-widget_type=\"jet-listing-dynamic-link.default\">\n\t\t\t\t<div class=\"elementor-widget-container\">\n\t\t\t<div class=\"jet-listing jet-listing-dynamic-link\"><a href=\"https:\/\/marciarodriguespsicologa.com.br\/blog\/descobrindo-se-a-jornada-do-autoconhecimento-e-autocuidado-na-parentalidade\/\" class=\"jet-listing-dynamic-link__link\"><i class=\"jet-listing-dynamic-link__icon fas fa-plus-circle\" aria-hidden=\"true\"><\/i><span class=\"jet-listing-dynamic-link__label\">Saiba mais<\/span><\/a><\/div>\t\t<\/div>\n\t\t\t\t<\/div>\n\t\t\t\t\t<\/div>\n\t\t<\/div>\n\t\t\t\t\t\t\t<\/div>\n\t\t<\/section>\n\t\t\t\t\t\t\t<\/div>\n\t\t<\/div><div class=\"jet-listing-grid__item jet-listing-dynamic-post-185 jet-equal-columns\" data-post-id=\"185\" >\t\t<div data-elementor-type=\"jet-listing-items\" data-elementor-id=\"198\" class=\"elementor elementor-198\" data-elementor-post-type=\"jet-engine\">\n\t\t\t\t\t\t\t\t\t<section class=\"elementor-section elementor-top-section elementor-element elementor-element-184bc55 elementor-section-boxed elementor-section-height-default elementor-section-height-default\" data-id=\"184bc55\" data-element_type=\"section\">\n\t\t\t\t\t\t<div class=\"elementor-container elementor-column-gap-default\">\n\t\t\t\t\t<div class=\"elementor-column elementor-col-100 elementor-top-column elementor-element elementor-element-6691286\" data-id=\"6691286\" data-element_type=\"column\">\n\t\t\t<div class=\"elementor-widget-wrap elementor-element-populated\">\n\t\t\t\t\t\t\t\t<div class=\"elementor-element elementor-element-e5d83cc elementor-widget elementor-widget-image\" data-id=\"e5d83cc\" data-element_type=\"widget\" data-widget_type=\"image.default\">\n\t\t\t\t<div class=\"elementor-widget-container\">\n\t\t\t\t\t\t\t\t\t\t\t\t\t\t\t<img loading=\"lazy\" decoding=\"async\" width=\"480\" height=\"300\" src=\"https:\/\/marciarodriguespsicologa.com.br\/blog\/wp-content\/uploads\/2023\/07\/bg_TEMP.jpg\" class=\"attachment-medium_large size-medium_large wp-image-199\" alt=\"\" srcset=\"https:\/\/marciarodriguespsicologa.com.br\/blog\/wp-content\/uploads\/2023\/07\/bg_TEMP.jpg 480w, https:\/\/marciarodriguespsicologa.com.br\/blog\/wp-content\/uploads\/2023\/07\/bg_TEMP-300x188.jpg 300w\" sizes=\"auto, (max-width: 480px) 100vw, 480px\" \/>\t\t\t\t\t\t\t\t\t\t\t\t\t\t\t<\/div>\n\t\t\t\t<\/div>\n\t\t\t\t<div class=\"elementor-element elementor-element-5323549 elementor-widget elementor-widget-heading\" data-id=\"5323549\" data-element_type=\"widget\" data-widget_type=\"heading.default\">\n\t\t\t\t<div class=\"elementor-widget-container\">\n\t\t\t<h2 class=\"elementor-heading-title elementor-size-default\">A escola e a Promo\u00e7\u00e3o de cuidados e bem estar dos Pais: Um Passo Fundamental para o Bem-Estar Familiar e Escolar!<\/h2>\t\t<\/div>\n\t\t\t\t<\/div>\n\t\t\t\t<div class=\"elementor-element elementor-element-8e189e0 elementor-widget elementor-widget-jet-listing-dynamic-link\" data-id=\"8e189e0\" data-element_type=\"widget\" data-widget_type=\"jet-listing-dynamic-link.default\">\n\t\t\t\t<div class=\"elementor-widget-container\">\n\t\t\t<div class=\"jet-listing jet-listing-dynamic-link\"><a href=\"https:\/\/marciarodriguespsicologa.com.br\/blog\/a-escola-e-a-promocao-de-cuidados-e-bem-estar-dos-pais-um-passo-fundamental-para-o-bem-estar-familiar-e-escolar\/\" class=\"jet-listing-dynamic-link__link\"><i class=\"jet-listing-dynamic-link__icon fas fa-plus-circle\" aria-hidden=\"true\"><\/i><span class=\"jet-listing-dynamic-link__label\">Saiba mais<\/span><\/a><\/div>\t\t<\/div>\n\t\t\t\t<\/div>\n\t\t\t\t\t<\/div>\n\t\t<\/div>\n\t\t\t\t\t\t\t<\/div>\n\t\t<\/section>\n\t\t\t\t\t\t\t<\/div>\n\t\t<\/div><div class=\"jet-listing-grid__item jet-listing-dynamic-post-184 jet-equal-columns\" data-post-id=\"184\" >\t\t<div data-elementor-type=\"jet-listing-items\" data-elementor-id=\"198\" class=\"elementor elementor-198\" data-elementor-post-type=\"jet-engine\">\n\t\t\t\t\t\t\t\t\t<section class=\"elementor-section elementor-top-section elementor-element elementor-element-184bc55 elementor-section-boxed elementor-section-height-default elementor-section-height-default\" data-id=\"184bc55\" data-element_type=\"section\">\n\t\t\t\t\t\t<div class=\"elementor-container elementor-column-gap-default\">\n\t\t\t\t\t<div class=\"elementor-column elementor-col-100 elementor-top-column elementor-element elementor-element-6691286\" data-id=\"6691286\" data-element_type=\"column\">\n\t\t\t<div class=\"elementor-widget-wrap elementor-element-populated\">\n\t\t\t\t\t\t\t\t<div class=\"elementor-element elementor-element-e5d83cc elementor-widget elementor-widget-image\" data-id=\"e5d83cc\" data-element_type=\"widget\" data-widget_type=\"image.default\">\n\t\t\t\t<div class=\"elementor-widget-container\">\n\t\t\t\t\t\t\t\t\t\t\t\t\t\t\t<img loading=\"lazy\" decoding=\"async\" width=\"480\" height=\"300\" src=\"https:\/\/marciarodriguespsicologa.com.br\/blog\/wp-content\/uploads\/2023\/07\/bg_TEMP.jpg\" class=\"attachment-medium_large size-medium_large wp-image-199\" alt=\"\" srcset=\"https:\/\/marciarodriguespsicologa.com.br\/blog\/wp-content\/uploads\/2023\/07\/bg_TEMP.jpg 480w, https:\/\/marciarodriguespsicologa.com.br\/blog\/wp-content\/uploads\/2023\/07\/bg_TEMP-300x188.jpg 300w\" sizes=\"auto, (max-width: 480px) 100vw, 480px\" \/>\t\t\t\t\t\t\t\t\t\t\t\t\t\t\t<\/div>\n\t\t\t\t<\/div>\n\t\t\t\t<div class=\"elementor-element elementor-element-5323549 elementor-widget elementor-widget-heading\" data-id=\"5323549\" data-element_type=\"widget\" data-widget_type=\"heading.default\">\n\t\t\t\t<div class=\"elementor-widget-container\">\n\t\t\t<h2 class=\"elementor-heading-title elementor-size-default\">Da Sobrecarga ao Equil\u00edbrio: Estrat\u00e9gias Parentais para uma Gera\u00e7\u00e3o Conectada.<\/h2>\t\t<\/div>\n\t\t\t\t<\/div>\n\t\t\t\t<div class=\"elementor-element elementor-element-8e189e0 elementor-widget elementor-widget-jet-listing-dynamic-link\" data-id=\"8e189e0\" data-element_type=\"widget\" data-widget_type=\"jet-listing-dynamic-link.default\">\n\t\t\t\t<div class=\"elementor-widget-container\">\n\t\t\t<div class=\"jet-listing jet-listing-dynamic-link\"><a href=\"https:\/\/marciarodriguespsicologa.com.br\/blog\/da-sobrecarga-ao-equilibrio-estrategias-parentais-para-uma-geracao-conectada\/\" class=\"jet-listing-dynamic-link__link\"><i class=\"jet-listing-dynamic-link__icon fas fa-plus-circle\" aria-hidden=\"true\"><\/i><span class=\"jet-listing-dynamic-link__label\">Saiba mais<\/span><\/a><\/div>\t\t<\/div>\n\t\t\t\t<\/div>\n\t\t\t\t\t<\/div>\n\t\t<\/div>\n\t\t\t\t\t\t\t<\/div>\n\t\t<\/section>\n\t\t\t\t\t\t\t<\/div>\n\t\t<\/div><div class=\"jet-listing-grid__item jet-listing-dynamic-post-144 jet-equal-columns\" data-post-id=\"144\" >\t\t<div data-elementor-type=\"jet-listing-items\" data-elementor-id=\"198\" class=\"elementor elementor-198\" data-elementor-post-type=\"jet-engine\">\n\t\t\t\t\t\t\t\t\t<section class=\"elementor-section elementor-top-section elementor-element elementor-element-184bc55 elementor-section-boxed elementor-section-height-default elementor-section-height-default\" data-id=\"184bc55\" data-element_type=\"section\">\n\t\t\t\t\t\t<div class=\"elementor-container elementor-column-gap-default\">\n\t\t\t\t\t<div class=\"elementor-column elementor-col-100 elementor-top-column elementor-element elementor-element-6691286\" data-id=\"6691286\" data-element_type=\"column\">\n\t\t\t<div class=\"elementor-widget-wrap elementor-element-populated\">\n\t\t\t\t\t\t\t\t<div class=\"elementor-element elementor-element-e5d83cc elementor-widget elementor-widget-image\" data-id=\"e5d83cc\" data-element_type=\"widget\" data-widget_type=\"image.default\">\n\t\t\t\t<div class=\"elementor-widget-container\">\n\t\t\t\t\t\t\t\t\t\t\t\t\t\t\t<img loading=\"lazy\" decoding=\"async\" width=\"480\" height=\"300\" src=\"https:\/\/marciarodriguespsicologa.com.br\/blog\/wp-content\/uploads\/2023\/07\/bg_TEMP.jpg\" class=\"attachment-medium_large size-medium_large wp-image-199\" alt=\"\" srcset=\"https:\/\/marciarodriguespsicologa.com.br\/blog\/wp-content\/uploads\/2023\/07\/bg_TEMP.jpg 480w, https:\/\/marciarodriguespsicologa.com.br\/blog\/wp-content\/uploads\/2023\/07\/bg_TEMP-300x188.jpg 300w\" sizes=\"auto, (max-width: 480px) 100vw, 480px\" \/>\t\t\t\t\t\t\t\t\t\t\t\t\t\t\t<\/div>\n\t\t\t\t<\/div>\n\t\t\t\t<div class=\"elementor-element elementor-element-5323549 elementor-widget elementor-widget-heading\" data-id=\"5323549\" data-element_type=\"widget\" data-widget_type=\"heading.default\">\n\t\t\t\t<div class=\"elementor-widget-container\">\n\t\t\t<h2 class=\"elementor-heading-title elementor-size-default\">Construindo Pontes: Fortalecendo a Parceria entre Escola e Fam\u00edlia para o Sucesso dos Filhos.<\/h2>\t\t<\/div>\n\t\t\t\t<\/div>\n\t\t\t\t<div class=\"elementor-element elementor-element-8e189e0 elementor-widget elementor-widget-jet-listing-dynamic-link\" data-id=\"8e189e0\" data-element_type=\"widget\" data-widget_type=\"jet-listing-dynamic-link.default\">\n\t\t\t\t<div class=\"elementor-widget-container\">\n\t\t\t<div class=\"jet-listing jet-listing-dynamic-link\"><a href=\"https:\/\/marciarodriguespsicologa.com.br\/blog\/construindo-pontes-fortalecendo-a-parceria-entre-escola-e-familia-para-o-sucesso-dos-filhos\/\" class=\"jet-listing-dynamic-link__link\"><i class=\"jet-listing-dynamic-link__icon fas fa-plus-circle\" aria-hidden=\"true\"><\/i><span class=\"jet-listing-dynamic-link__label\">Saiba mais<\/span><\/a><\/div>\t\t<\/div>\n\t\t\t\t<\/div>\n\t\t\t\t\t<\/div>\n\t\t<\/div>\n\t\t\t\t\t\t\t<\/div>\n\t\t<\/section>\n\t\t\t\t\t\t\t<\/div>\n\t\t<\/div><\/div><\/div>\t\t<\/div>\n\t\t\t\t<\/div>\n\t\t\t\t\t<\/div>\n\t\t<\/div>\n\t\t\t\t\t\t\t<\/div>\n\t\t<\/section>\n\t\t\t\t\t\t\t<\/div>\n\t\t","protected":false},"excerpt":{"rendered":"<p>Saiba mais Saiba mais Saiba mais Saiba mais Saiba mais Saiba mais<\/p>\n","protected":false},"author":1,"featured_media":0,"parent":0,"menu_order":0,"comment_status":"closed","ping_status":"closed","template":"elementor_header_footer","meta":{"footnotes":""},"class_list":["post-191","page","type-page","status-publish","hentry"],"_links":{"self":[{"href":"https:\/\/marciarodriguespsicologa.com.br\/blog\/wp-json\/wp\/v2\/pages\/191","targetHints":{"allow":["GET"]}}],"collection":[{"href":"https:\/\/marciarodriguespsicologa.com.br\/blog\/wp-json\/wp\/v2\/pages"}],"about":[{"href":"https:\/\/marciarodriguespsicologa.com.br\/blog\/wp-json\/wp\/v2\/types\/page"}],"author":[{"embeddable":true,"href":"https:\/\/marciarodriguespsicologa.com.br\/blog\/wp-json\/wp\/v2\/users\/1"}],"replies":[{"embeddable":true,"href":"https:\/\/marciarodriguespsicologa.com.br\/blog\/wp-json\/wp\/v2\/comments?post=191"}],"version-history":[{"count":7,"href":"https:\/\/marciarodriguespsicologa.com.br\/blog\/wp-json\/wp\/v2\/pages\/191\/revisions"}],"predecessor-version":[{"id":209,"href":"https:\/\/marciarodriguespsicologa.com.br\/blog\/wp-json\/wp\/v2\/pages\/191\/revisions\/209"}],"wp:attachment":[{"href":"https:\/\/marciarodriguespsicologa.com.br\/blog\/wp-json\/wp\/v2\/media?parent=191"}],"curies":[{"name":"wp","href":"https:\/\/api.w.org\/{rel}","templated":true}]}}